{"id":216,"date":"2021-03-07T18:23:25","date_gmt":"2021-03-07T17:23:25","guid":{"rendered":"http:\/\/ze-mas.com\/?page_id=216"},"modified":"2024-12-09T17:21:52","modified_gmt":"2024-12-09T16:21:52","slug":"sejourner-en-ardeche-meridionale-liens-utiles","status":"publish","type":"page","link":"http:\/\/ze-mas.com\/index.php\/sejourner-en-ardeche-meridionale-liens-utiles\/","title":{"rendered":"Liens utiles"},"content":{"rendered":"\n<p>Vous vous appr\u00eatez \u00e0 s\u00e9journer en Ard\u00e8che m\u00e9ridionale et en particulier \u00e0 Saint-Alban Auriolles ? <br>Nous sommes ravis de partager avec vous quelques liens utiles qui vous permettront de pr\u00e9parer votre s\u00e9jour ou de profiter de la r\u00e9gion, une fois sur place&#8230; <br>D&rsquo;autres id\u00e9es ? N&rsquo;h\u00e9sitez pas \u00e0 laisser un commentaire !<br>Des questions ? N&rsquo;h\u00e9sitez pas \u00e0 nous contacter !<\/p>\n\n\n<div class=\"wp-block-image\">\n<figure class=\"aligncenter size-large is-resized\"><img loading=\"lazy\" decoding=\"async\" width=\"768\" height=\"1024\" src=\"http:\/\/ze-mas.com\/wp-content\/uploads\/2024\/12\/20241027_210733790_iOS_copie-pour-site-ze_mas-768x1024.jpg\" alt=\"S\u00e9journer en Ard\u00e8che m\u00e9ridionale - Liens utiles\" class=\"wp-image-376\" style=\"width:242px;height:auto\" srcset=\"http:\/\/ze-mas.com\/wp-content\/uploads\/2024\/12\/20241027_210733790_iOS_copie-pour-site-ze_mas-768x1024.jpg 768w, http:\/\/ze-mas.com\/wp-content\/uploads\/2024\/12\/20241027_210733790_iOS_copie-pour-site-ze_mas-225x300.jpg 225w, http:\/\/ze-mas.com\/wp-content\/uploads\/2024\/12\/20241027_210733790_iOS_copie-pour-site-ze_mas-1152x1536.jpg 1152w, http:\/\/ze-mas.com\/wp-content\/uploads\/2024\/12\/20241027_210733790_iOS_copie-pour-site-ze_mas-624x832.jpg 624w, http:\/\/ze-mas.com\/wp-content\/uploads\/2024\/12\/20241027_210733790_iOS_copie-pour-site-ze_mas.jpg 1536w\" sizes=\"auto, (max-width: 768px) 100vw, 768px\" \/><\/figure>\n<\/div>\n\n\n<h2 class=\"wp-block-heading\">S\u00e9journer<\/h2>\n\n\n\n<p>Mas du XVII\u00e8me si\u00e8cle dans un environnement exceptionnel: <a href=\"http:\/\/www.ze-mas.com\">http:\/\/www.ze-mas.com<\/a><\/p>\n\n\n\n<h2 class=\"wp-block-heading\">Offices du Tourisme<\/h2>\n\n\n\n<p>Ruoms: <a rel=\"noreferrer noopener\" href=\"https:\/\/www.pontdarc-ardeche.fr\/ruoms-ardeche\/\" target=\"_blank\">https:\/\/www.pontdarc-ardeche.fr\/ruoms-ardeche\/<\/a><\/p>\n\n\n\n<p>Vallon Pont d&rsquo;Arc: <a rel=\"noreferrer noopener\" href=\"https:\/\/www.pontdarc-ardeche.fr\/\" target=\"_blank\">https:\/\/www.pontdarc-ardeche.fr\/<\/a><\/p>\n\n\n\n<p>Joyeuse: <a href=\"https:\/\/www.ardeche.com\/ville-village\/joyeuse.php\" target=\"_blank\" rel=\"noreferrer noopener\">https:\/\/www.ardeche.com\/ville-village\/joyeuse.php<\/a><\/p>\n\n\n\n<h2 class=\"wp-block-heading\">Culture et mus\u00e9es<\/h2>\n\n\n\n<p>Grotte Chauvet 2: <a rel=\"noreferrer noopener\" href=\"https:\/\/www.grottechauvet2ardeche.com\/\" target=\"_blank\">https:\/\/www.grottechauvet2ardeche.com\/<\/a><\/p>\n\n\n\n<p>Mus\u00e9um de l&rsquo;Ard\u00e8che: <a rel=\"noreferrer noopener\" href=\"https:\/\/museum-ardeche.fr\/\" target=\"_blank\">https:\/\/museum-ardeche.fr\/<\/a><\/p>\n\n\n\n<p>Mus\u00e9e Alphonse Daudet \/ Mas Daudet: <a rel=\"noreferrer noopener\" href=\"https:\/\/masdaudet.com\/\" target=\"_blank\">https:\/\/masdaudet.com\/<\/a><\/p>\n\n\n\n<p>Mus\u00e9e de la lavande: <a rel=\"noreferrer noopener\" href=\"https:\/\/www.lamaisondelalavande.com\/\" target=\"_blank\">https:\/\/www.lamaisondelalavande.com\/<\/a> <\/p>\n\n\n\n<p>La commanderie de Jal\u00e8s: <a href=\"https:\/\/jales.fr\/\" target=\"_blank\" rel=\"noreferrer noopener\">https:\/\/jales.fr\/<\/a><\/p>\n\n\n\n<p>Labeaume en Musique: <a rel=\"noreferrer noopener\" href=\"https:\/\/www.labeaume-festival.org\/\" target=\"_blank\">https:\/\/www.labeaume-festival.org\/<\/a><\/p>\n\n\n\n<p>Th\u00e9atre en plein air &#8211; Aven d&rsquo;Orgnac: <a href=\"https:\/\/www.ardeche.com\/orgnac-l-aven\/theatre-sous-les-etoiles-361208.html\" target=\"_blank\" rel=\"noreferrer noopener\">https:\/\/www.ardeche.com\/orgnac-l-aven\/theatre-sous-les-etoiles-361208.html<\/a><\/p>\n\n\n\n<h2 class=\"wp-block-heading\">Artisanat<\/h2>\n\n\n\n<p>Joyeuse \/ Rue des Arts: <a rel=\"noreferrer noopener\" href=\"https:\/\/joyeuse.fr\/joyeuse-village-dartisans-dart\/\" target=\"_blank\">https:\/\/joyeuse.fr\/joyeuse-village-dartisans-dart\/<\/a><\/p>\n\n\n\n<p>P\u00e9pit&rsquo;Art, Chandolas: <a href=\"http:\/\/polinno.art\/\" target=\"_blank\" rel=\"noreferrer noopener\">http:\/\/polinno.art\/<\/a><\/p>\n\n\n\n<h2 class=\"wp-block-heading\">Activit\u00e9s sportives<\/h2>\n\n\n\n<p>De nombreuses possibilit\u00e9s de location de cano\u00e9s ou kayak vous sont offertes \u00e0 Ruoms ou Vallon Pont d&rsquo;Arc et les professionnels seront ravis de vous conseiller, en fonction de vos attentes. Un site permet de se faire une bonne id\u00e9e des possibilit\u00e9s offertes par la r\u00e9gion: <a rel=\"noreferrer noopener\" href=\"https:\/\/www.canoelocationardeche.fr\/\" target=\"_blank\">https:\/\/www.canoelocationardeche.fr\/<\/a><\/p>\n\n\n\n<p>Canyoning &amp; sp\u00e9l\u00e9ologie: <a href=\"https:\/\/www.face-sud.com\/\" target=\"_blank\" rel=\"noreferrer noopener\">https:\/\/www.face-sud.com\/<\/a><\/p>\n\n\n\n<p>Sports m\u00e9caniques (kart, quads, motos, etc.): <a rel=\"noreferrer noopener\" href=\"https:\/\/www.ardecheloisirsmecaniques.com\/\" target=\"_blank\">https:\/\/www.ardecheloisirsmecaniques.com\/<\/a><\/p>\n\n\n\n<p>Equitation: <a href=\"http:\/\/www.equitation-ardeche.fr\/\" target=\"_blank\" rel=\"noreferrer noopener\">http:\/\/www.equitation-ardeche.fr\/<\/a><\/p>\n\n\n\n<p>Parc Aventure: <a href=\"https:\/\/www.adventurecamp.fr\/\" target=\"_blank\" rel=\"noreferrer noopener\">https:\/\/www.adventurecamp.fr\/<\/a><\/p>\n\n\n\n<p>Tennis: <a href=\"https:\/\/ballejaune.com\/club\/TCRUOMS\" target=\"_blank\" rel=\"noreferrer noopener\">https:\/\/ballejaune.com\/club\/TCRUOMS<\/a><\/p>\n\n\n\n<p>Golf du Ch\u00e4teau de Bournet: <a href=\"https:\/\/www.golfardeche.com\/\" target=\"_blank\" rel=\"noreferrer noopener\">https:\/\/www.golfardeche.com\/<\/a><\/p>\n\n\n\n<h2 class=\"wp-block-heading\">Le monde souterrain<\/h2>\n\n\n\n<p>La grotte de la Madeleine: <a href=\"https:\/\/www.grottemadeleine.com\/\" target=\"_blank\" rel=\"noreferrer noopener\">https:\/\/www.grottemadeleine.com\/<\/a><\/p>\n\n\n\n<p>La grotte de la Cocali\u00e8re: <a href=\"https:\/\/www.grotte-cocaliere.com\/\" target=\"_blank\" rel=\"noreferrer noopener\">https:\/\/www.grotte-cocaliere.com\/<\/a><\/p>\n\n\n\n<p>L&rsquo;Aven d&rsquo;Orgnac &#8211; Grand site de France: <a href=\"https:\/\/www.orgnac.com\/\" target=\"_blank\" rel=\"noreferrer noopener\">https:\/\/www.orgnac.com\/<\/a> <\/p>\n\n\n\n<h2 class=\"wp-block-heading\">Restaurant et gastronomie<\/h2>\n\n\n\n<p>Carabasse, Beaulieu (gastronomie): <a rel=\"noreferrer noopener\" href=\"https:\/\/www.restaurant-carabasse.fr\/\" target=\"_blank\">https:\/\/www.restaurant-carabasse.fr\/<\/a><\/p>\n\n\n\n<p>Le Garage 116, Ruoms (Burgers et salades): <a rel=\"noreferrer noopener\" href=\"https:\/\/www.facebook.com\/garage116ruoms\/\" target=\"_blank\">https:\/\/www.facebook.com\/garage116ruoms\/<\/a><\/p>\n\n\n\n<p>Restaurant Le jardin des secrets, Grospierres (cuisine traditionnelle): <a rel=\"noreferrer noopener\" href=\"https:\/\/jardindessecrets.fr\/\" target=\"_blank\">https:\/\/jardindessecrets.fr\/<\/a><\/p>\n\n\n\n<p>La Table de la Boissi\u00e8re, Vagnas (gastronomie): <a rel=\"noreferrer noopener\" href=\"https:\/\/www.couventvagnas.com\/restaurants\/\" target=\"_blank\">https:\/\/www.couventvagnas.com\/restaurants\/<\/a><\/p>\n\n\n\n<p>L&rsquo;Auberge de Montfleury, Saint-Germain (gastronomie, 1 \u00e9toile Michelin): <a rel=\"noreferrer noopener\" href=\"https:\/\/auberge-de-montfleury.fr\/fr\/\" target=\"_blank\">https:\/\/auberge-de-montfleury.fr\/fr\/<\/a><\/p>\n\n\n\n<p>Le Terminus, Ruoms (cuisine traditionnelle revisit\u00e9e et de qualit\u00e9): <a href=\"https:\/\/www.leterminus-ruoms.fr\/\">https:\/\/www.leterminus-ruoms.fr\/<\/a><\/p>\n\n\n\n<p><\/p>\n","protected":false},"excerpt":{"rendered":"<p>Vous vous appr\u00eatez \u00e0 s\u00e9journer en Ard\u00e8che m\u00e9ridionale et en particulier \u00e0 Saint-Alban Auriolles ? Nous sommes ravis de partager avec vous quelques liens utiles qui vous permettront de pr\u00e9parer votre s\u00e9jour ou de profiter de la r\u00e9gion, une fois sur place&#8230; D&rsquo;autres id\u00e9es ? N&rsquo;h\u00e9sitez pas \u00e0 laisser un commentaire !Des questions ? N&rsquo;h\u00e9sitez [&hellip;]<\/p>\n","protected":false},"author":1,"featured_media":0,"parent":0,"menu_order":0,"comment_status":"open","ping_status":"closed","template":"page-templates\/full-width.php","meta":{"footnotes":""},"class_list":["post-216","page","type-page","status-publish","hentry"],"yoast_head":"<!-- This site is optimized with the Yoast SEO plugin v24.9 - https:\/\/yoast.com\/wordpress\/plugins\/seo\/ -->\n<title>S\u00e9journer en Ard\u00e8che m\u00e9ridionale - Liens utiles - ZE-MAS<\/title>\n<meta name=\"description\" content=\"S\u00e9journer en Ard\u00e8che m\u00e9ridionale - Liens utiles pour d\u00e9couvrir toutes les activit\u00e9s \u00e0 proximit\u00e9 de Saint-Alban Auriolles.\" \/>\n<meta name=\"robots\" content=\"index, follow, max-snippet:-1, max-image-preview:large, max-video-preview:-1\" \/>\n<link rel=\"canonical\" href=\"http:\/\/ze-mas.com\/index.php\/sejourner-en-ardeche-meridionale-liens-utiles\/\" \/>\n<meta property=\"og:locale\" content=\"fr_FR\" \/>\n<meta property=\"og:type\" content=\"article\" \/>\n<meta property=\"og:title\" content=\"S\u00e9journer en Ard\u00e8che m\u00e9ridionale - Liens utiles - ZE-MAS\" \/>\n<meta property=\"og:description\" content=\"S\u00e9journer en Ard\u00e8che m\u00e9ridionale - Liens utiles pour d\u00e9couvrir toutes les activit\u00e9s \u00e0 proximit\u00e9 de Saint-Alban Auriolles.\" \/>\n<meta property=\"og:url\" content=\"http:\/\/ze-mas.com\/index.php\/sejourner-en-ardeche-meridionale-liens-utiles\/\" \/>\n<meta property=\"og:site_name\" content=\"ZE-MAS\" \/>\n<meta property=\"article:modified_time\" content=\"2024-12-09T16:21:52+00:00\" \/>\n<meta property=\"og:image\" content=\"http:\/\/ze-mas.com\/wp-content\/uploads\/2024\/12\/20241027_210733790_iOS_copie-pour-site-ze_mas-768x1024.jpg\" \/>\n\t<meta property=\"og:image:width\" content=\"768\" \/>\n\t<meta property=\"og:image:height\" content=\"1024\" \/>\n\t<meta property=\"og:image:type\" content=\"image\/jpeg\" \/>\n<meta name=\"twitter:card\" content=\"summary_large_image\" \/>\n<meta name=\"twitter:label1\" content=\"Dur\u00e9e de lecture estim\u00e9e\" \/>\n\t<meta name=\"twitter:data1\" content=\"2 minutes\" \/>\n<script type=\"application\/ld+json\" class=\"yoast-schema-graph\">{\"@context\":\"https:\/\/schema.org\",\"@graph\":[{\"@type\":\"WebPage\",\"@id\":\"http:\/\/ze-mas.com\/index.php\/sejourner-en-ardeche-meridionale-liens-utiles\/\",\"url\":\"http:\/\/ze-mas.com\/index.php\/sejourner-en-ardeche-meridionale-liens-utiles\/\",\"name\":\"S\u00e9journer en Ard\u00e8che m\u00e9ridionale - Liens utiles - ZE-MAS\",\"isPartOf\":{\"@id\":\"http:\/\/ze-mas.com\/#website\"},\"primaryImageOfPage\":{\"@id\":\"http:\/\/ze-mas.com\/index.php\/sejourner-en-ardeche-meridionale-liens-utiles\/#primaryimage\"},\"image\":{\"@id\":\"http:\/\/ze-mas.com\/index.php\/sejourner-en-ardeche-meridionale-liens-utiles\/#primaryimage\"},\"thumbnailUrl\":\"http:\/\/ze-mas.com\/wp-content\/uploads\/2024\/12\/20241027_210733790_iOS_copie-pour-site-ze_mas-768x1024.jpg\",\"datePublished\":\"2021-03-07T17:23:25+00:00\",\"dateModified\":\"2024-12-09T16:21:52+00:00\",\"description\":\"S\u00e9journer en Ard\u00e8che m\u00e9ridionale - Liens utiles pour d\u00e9couvrir toutes les activit\u00e9s \u00e0 proximit\u00e9 de Saint-Alban Auriolles.\",\"breadcrumb\":{\"@id\":\"http:\/\/ze-mas.com\/index.php\/sejourner-en-ardeche-meridionale-liens-utiles\/#breadcrumb\"},\"inLanguage\":\"fr-FR\",\"potentialAction\":[{\"@type\":\"ReadAction\",\"target\":[\"http:\/\/ze-mas.com\/index.php\/sejourner-en-ardeche-meridionale-liens-utiles\/\"]}]},{\"@type\":\"ImageObject\",\"inLanguage\":\"fr-FR\",\"@id\":\"http:\/\/ze-mas.com\/index.php\/sejourner-en-ardeche-meridionale-liens-utiles\/#primaryimage\",\"url\":\"http:\/\/ze-mas.com\/wp-content\/uploads\/2024\/12\/20241027_210733790_iOS_copie-pour-site-ze_mas.jpg\",\"contentUrl\":\"http:\/\/ze-mas.com\/wp-content\/uploads\/2024\/12\/20241027_210733790_iOS_copie-pour-site-ze_mas.jpg\",\"width\":1536,\"height\":2048},{\"@type\":\"BreadcrumbList\",\"@id\":\"http:\/\/ze-mas.com\/index.php\/sejourner-en-ardeche-meridionale-liens-utiles\/#breadcrumb\",\"itemListElement\":[{\"@type\":\"ListItem\",\"position\":1,\"name\":\"Accueil\",\"item\":\"http:\/\/ze-mas.com\/\"},{\"@type\":\"ListItem\",\"position\":2,\"name\":\"Liens utiles\"}]},{\"@type\":\"WebSite\",\"@id\":\"http:\/\/ze-mas.com\/#website\",\"url\":\"http:\/\/ze-mas.com\/\",\"name\":\"ZE-MAS\",\"description\":\"Charme, calme et grand confort au c\u0153ur de l&#039;Ard\u00e8che m\u00e9ridionale\",\"publisher\":{\"@id\":\"http:\/\/ze-mas.com\/#organization\"},\"potentialAction\":[{\"@type\":\"SearchAction\",\"target\":{\"@type\":\"EntryPoint\",\"urlTemplate\":\"http:\/\/ze-mas.com\/?s={search_term_string}\"},\"query-input\":{\"@type\":\"PropertyValueSpecification\",\"valueRequired\":true,\"valueName\":\"search_term_string\"}}],\"inLanguage\":\"fr-FR\"},{\"@type\":\"Organization\",\"@id\":\"http:\/\/ze-mas.com\/#organization\",\"name\":\"ZE-MAS\",\"url\":\"http:\/\/ze-mas.com\/\",\"logo\":{\"@type\":\"ImageObject\",\"inLanguage\":\"fr-FR\",\"@id\":\"http:\/\/ze-mas.com\/#\/schema\/logo\/image\/\",\"url\":\"http:\/\/ze-mas.com\/wp-content\/uploads\/2020\/12\/cropped-20200814_143558630_iOS-scaled-1.jpg\",\"contentUrl\":\"http:\/\/ze-mas.com\/wp-content\/uploads\/2020\/12\/cropped-20200814_143558630_iOS-scaled-1.jpg\",\"width\":512,\"height\":512,\"caption\":\"ZE-MAS\"},\"image\":{\"@id\":\"http:\/\/ze-mas.com\/#\/schema\/logo\/image\/\"}}]}<\/script>\n<!-- \/ Yoast SEO plugin. -->","yoast_head_json":{"title":"S\u00e9journer en Ard\u00e8che m\u00e9ridionale - Liens utiles - ZE-MAS","description":"S\u00e9journer en Ard\u00e8che m\u00e9ridionale - Liens utiles pour d\u00e9couvrir toutes les activit\u00e9s \u00e0 proximit\u00e9 de Saint-Alban Auriolles.","robots":{"index":"index","follow":"follow","max-snippet":"max-snippet:-1","max-image-preview":"max-image-preview:large","max-video-preview":"max-video-preview:-1"},"canonical":"http:\/\/ze-mas.com\/index.php\/sejourner-en-ardeche-meridionale-liens-utiles\/","og_locale":"fr_FR","og_type":"article","og_title":"S\u00e9journer en Ard\u00e8che m\u00e9ridionale - Liens utiles - ZE-MAS","og_description":"S\u00e9journer en Ard\u00e8che m\u00e9ridionale - Liens utiles pour d\u00e9couvrir toutes les activit\u00e9s \u00e0 proximit\u00e9 de Saint-Alban Auriolles.","og_url":"http:\/\/ze-mas.com\/index.php\/sejourner-en-ardeche-meridionale-liens-utiles\/","og_site_name":"ZE-MAS","article_modified_time":"2024-12-09T16:21:52+00:00","og_image":[{"width":768,"height":1024,"url":"http:\/\/ze-mas.com\/wp-content\/uploads\/2024\/12\/20241027_210733790_iOS_copie-pour-site-ze_mas-768x1024.jpg","type":"image\/jpeg"}],"twitter_card":"summary_large_image","twitter_misc":{"Dur\u00e9e de lecture estim\u00e9e":"2 minutes"},"schema":{"@context":"https:\/\/schema.org","@graph":[{"@type":"WebPage","@id":"http:\/\/ze-mas.com\/index.php\/sejourner-en-ardeche-meridionale-liens-utiles\/","url":"http:\/\/ze-mas.com\/index.php\/sejourner-en-ardeche-meridionale-liens-utiles\/","name":"S\u00e9journer en Ard\u00e8che m\u00e9ridionale - Liens utiles - ZE-MAS","isPartOf":{"@id":"http:\/\/ze-mas.com\/#website"},"primaryImageOfPage":{"@id":"http:\/\/ze-mas.com\/index.php\/sejourner-en-ardeche-meridionale-liens-utiles\/#primaryimage"},"image":{"@id":"http:\/\/ze-mas.com\/index.php\/sejourner-en-ardeche-meridionale-liens-utiles\/#primaryimage"},"thumbnailUrl":"http:\/\/ze-mas.com\/wp-content\/uploads\/2024\/12\/20241027_210733790_iOS_copie-pour-site-ze_mas-768x1024.jpg","datePublished":"2021-03-07T17:23:25+00:00","dateModified":"2024-12-09T16:21:52+00:00","description":"S\u00e9journer en Ard\u00e8che m\u00e9ridionale - Liens utiles pour d\u00e9couvrir toutes les activit\u00e9s \u00e0 proximit\u00e9 de Saint-Alban Auriolles.","breadcrumb":{"@id":"http:\/\/ze-mas.com\/index.php\/sejourner-en-ardeche-meridionale-liens-utiles\/#breadcrumb"},"inLanguage":"fr-FR","potentialAction":[{"@type":"ReadAction","target":["http:\/\/ze-mas.com\/index.php\/sejourner-en-ardeche-meridionale-liens-utiles\/"]}]},{"@type":"ImageObject","inLanguage":"fr-FR","@id":"http:\/\/ze-mas.com\/index.php\/sejourner-en-ardeche-meridionale-liens-utiles\/#primaryimage","url":"http:\/\/ze-mas.com\/wp-content\/uploads\/2024\/12\/20241027_210733790_iOS_copie-pour-site-ze_mas.jpg","contentUrl":"http:\/\/ze-mas.com\/wp-content\/uploads\/2024\/12\/20241027_210733790_iOS_copie-pour-site-ze_mas.jpg","width":1536,"height":2048},{"@type":"BreadcrumbList","@id":"http:\/\/ze-mas.com\/index.php\/sejourner-en-ardeche-meridionale-liens-utiles\/#breadcrumb","itemListElement":[{"@type":"ListItem","position":1,"name":"Accueil","item":"http:\/\/ze-mas.com\/"},{"@type":"ListItem","position":2,"name":"Liens utiles"}]},{"@type":"WebSite","@id":"http:\/\/ze-mas.com\/#website","url":"http:\/\/ze-mas.com\/","name":"ZE-MAS","description":"Charme, calme et grand confort au c\u0153ur de l&#039;Ard\u00e8che m\u00e9ridionale","publisher":{"@id":"http:\/\/ze-mas.com\/#organization"},"potentialAction":[{"@type":"SearchAction","target":{"@type":"EntryPoint","urlTemplate":"http:\/\/ze-mas.com\/?s={search_term_string}"},"query-input":{"@type":"PropertyValueSpecification","valueRequired":true,"valueName":"search_term_string"}}],"inLanguage":"fr-FR"},{"@type":"Organization","@id":"http:\/\/ze-mas.com\/#organization","name":"ZE-MAS","url":"http:\/\/ze-mas.com\/","logo":{"@type":"ImageObject","inLanguage":"fr-FR","@id":"http:\/\/ze-mas.com\/#\/schema\/logo\/image\/","url":"http:\/\/ze-mas.com\/wp-content\/uploads\/2020\/12\/cropped-20200814_143558630_iOS-scaled-1.jpg","contentUrl":"http:\/\/ze-mas.com\/wp-content\/uploads\/2020\/12\/cropped-20200814_143558630_iOS-scaled-1.jpg","width":512,"height":512,"caption":"ZE-MAS"},"image":{"@id":"http:\/\/ze-mas.com\/#\/schema\/logo\/image\/"}}]}},"_links":{"self":[{"href":"http:\/\/ze-mas.com\/index.php\/wp-json\/wp\/v2\/pages\/216","targetHints":{"allow":["GET"]}}],"collection":[{"href":"http:\/\/ze-mas.com\/index.php\/wp-json\/wp\/v2\/pages"}],"about":[{"href":"http:\/\/ze-mas.com\/index.php\/wp-json\/wp\/v2\/types\/page"}],"author":[{"embeddable":true,"href":"http:\/\/ze-mas.com\/index.php\/wp-json\/wp\/v2\/users\/1"}],"replies":[{"embeddable":true,"href":"http:\/\/ze-mas.com\/index.php\/wp-json\/wp\/v2\/comments?post=216"}],"version-history":[{"count":7,"href":"http:\/\/ze-mas.com\/index.php\/wp-json\/wp\/v2\/pages\/216\/revisions"}],"predecessor-version":[{"id":382,"href":"http:\/\/ze-mas.com\/index.php\/wp-json\/wp\/v2\/pages\/216\/revisions\/382"}],"wp:attachment":[{"href":"http:\/\/ze-mas.com\/index.php\/wp-json\/wp\/v2\/media?parent=216"}],"curies":[{"name":"wp","href":"https:\/\/api.w.org\/{rel}","templated":true}]}}